{"id":121,"date":"2023-02-24T15:38:13","date_gmt":"2023-02-24T18:38:13","guid":{"rendered":"https:\/\/shopby.melgalhardo.com.br\/?page_id=121"},"modified":"2025-06-22T19:32:42","modified_gmt":"2025-06-22T22:32:42","slug":"quem-somos","status":"publish","type":"page","link":"https:\/\/melgalhardo.com.br\/new\/quem-somos\/","title":{"rendered":"Quem somos"},"content":{"rendered":"\n<h2 class=\"wp-block-heading playfair-title\">Ol\u00e1, eu sou a <strong>Mel Galhardo<\/strong><\/h2>\n\n\n\n<p>Paulistana, casada e apaixonada por tudo que fa\u00e7o.<\/p>\n\n\n\n<p>Tenho um \u201cfilho\u201d que \u00e9 o Thor. Na verdade, \u00e9 nosso cachorro.<\/p>\n\n\n\n<p>Que eu amo! (Bull-terrier mini, piratinha \u2013 branquinho com um olho preto). Mas tenho um filho de verdade a caminho, o Theo; que deve chegar em agosto\/setembro de 2022.<\/p>\n\n\n\n<p>Sou formada em publicidade e desde sempre apaixonada por moda, estilo, beleza e lifestyle. A ideia de que o que vestimos complementa a composi\u00e7\u00e3o da imagem pessoal que projetamos, \u00e9 um pensamento poderoso e transformador. E \u00e9 sob esta \u00f3tica que realizo meu trabalho afim de empoderar ainda mais cada uma de n\u00f3s: mulheres.<\/p>\n\n\n\n<p>Em 2013 decidi mudar minha vida e perseguir essa minha paix\u00e3o! Deixei meu emprego, est\u00e1vel e promissor, numa grande empresa, e fui viver essa hist\u00f3ria\u2026<\/p>\n\n\n\n<p>Morei em Paris (Fran\u00e7a) e em Boston (EUA), onde estudei, aprendi e vivenciei intensamente o universo fashion.<\/p>\n\n\n\n<p>Em 2015 inaugurei a Mel Galhardo Consultoria de Imagem e Estilo para ajudar mulheres a usarem a moda e o universo fashion mais e mais a seu favor, todos os dias.<\/p>\n\n\n\n<p>Acredito que cada dia \u00e9 \u00fanico e especial; e que podemos viver sempre o melhor n\u00f3s mesmas: por dentro e por fora!<\/p>\n\n\n\n<p>Basta conhecer melhor a voc\u00ea mesma \u2013 suas caracter\u00edsticas \u00fanicas \u2013 e fazer escolhas que valorizam os aspectos certos dos detalhes que voc\u00ea possui!<\/p>\n\n\n\n<p>As roupas, os acess\u00f3rios, a maquiagem, o corte de cabelo, as cores que escolhemos\u2026 tudo isso integra uma parte importante e muito forte da imagem pessoal que projetamos [para o mundo e para n\u00f3s mesmas].<\/p>\n\n\n\n<p>E impressionante como \u2018o look certo\u2019 para cada pessoa e situa\u00e7\u00e3o influencia nossa autoimagem, nossa autoestima e o mundo \u00e0 nossa volta.<\/p>\n\n\n\n<p>Toda mulher \u00e9 especial, e merece se sentir assim.<\/p>\n\n\n\n<p>Assessoro minhas clientes a descobrirem e viverem sua assinatura pessoal (imagem pessoal aut\u00eantica) ampliando seus desempenhos por meio do conhecimento aplicado, com impacto nas mais diversas \u00e1reas de suas vidas.<\/p>\n\n\n\n<p>Descubra-se e viva sua assinatura pessoal a seu favor, sempre!<\/p>\n\n\n\n<p>Beijos,<\/p>\n\n\n\n<figure class=\"wp-block-image size-full\"><img loading=\"lazy\" decoding=\"async\" width=\"150\" height=\"69\" src=\"https:\/\/shopby.melgalhardo.com.br\/wp-content\/uploads\/2025\/05\/assinatura.png.webp\" alt=\"\" class=\"wp-image-745\" srcset=\"https:\/\/melgalhardo.com.br\/new\/wp-content\/uploads\/2025\/05\/assinatura.png.webp 150w, https:\/\/melgalhardo.com.br\/new\/wp-content\/uploads\/2025\/05\/assinatura.png-64x29.webp 64w\" sizes=\"auto, (max-width: 150px) 100vw, 150px\" \/><\/figure>\n","protected":false},"excerpt":{"rendered":"<p>Ol\u00e1, eu sou a Mel Galhardo Paulistana, casada e apaixonada por tudo que fa\u00e7o. Tenho um \u201cfilho\u201d que \u00e9 o Thor. Na verdade, \u00e9 nosso cachorro. Que eu amo! (Bull-terrier mini, piratinha \u2013 branquinho com um olho preto). Mas tenho um filho de verdade a caminho, o Theo; que deve chegar em agosto\/setembro de 2022. [&hellip;]<\/p>\n","protected":false},"author":1,"featured_media":785,"parent":0,"menu_order":0,"comment_status":"closed","ping_status":"closed","template":"template\/pages.php","meta":{"_acf_changed":false,"footnotes":""},"class_list":["post-121","page","type-page","status-publish","has-post-thumbnail","hentry"],"acf":[],"_links":{"self":[{"href":"https:\/\/melgalhardo.com.br\/new\/wp-json\/wp\/v2\/pages\/121","targetHints":{"allow":["GET"]}}],"collection":[{"href":"https:\/\/melgalhardo.com.br\/new\/wp-json\/wp\/v2\/pages"}],"about":[{"href":"https:\/\/melgalhardo.com.br\/new\/wp-json\/wp\/v2\/types\/page"}],"author":[{"embeddable":true,"href":"https:\/\/melgalhardo.com.br\/new\/wp-json\/wp\/v2\/users\/1"}],"replies":[{"embeddable":true,"href":"https:\/\/melgalhardo.com.br\/new\/wp-json\/wp\/v2\/comments?post=121"}],"version-history":[{"count":27,"href":"https:\/\/melgalhardo.com.br\/new\/wp-json\/wp\/v2\/pages\/121\/revisions"}],"predecessor-version":[{"id":819,"href":"https:\/\/melgalhardo.com.br\/new\/wp-json\/wp\/v2\/pages\/121\/revisions\/819"}],"wp:featuredmedia":[{"embeddable":true,"href":"https:\/\/melgalhardo.com.br\/new\/wp-json\/wp\/v2\/media\/785"}],"wp:attachment":[{"href":"https:\/\/melgalhardo.com.br\/new\/wp-json\/wp\/v2\/media?parent=121"}],"curies":[{"name":"wp","href":"https:\/\/api.w.org\/{rel}","templated":true}]}}