{"id":572,"date":"2024-01-24T14:50:29","date_gmt":"2024-01-24T17:50:29","guid":{"rendered":"https:\/\/shopby.melgalhardo.com.br\/?page_id=572"},"modified":"2025-06-22T19:27:11","modified_gmt":"2025-06-22T22:27:11","slug":"servicos","status":"publish","type":"page","link":"https:\/\/melgalhardo.com.br\/new\/servicos\/","title":{"rendered":"Servi\u00e7os"},"content":{"rendered":"\n<div class=\"wp-block-columns is-layout-flex wp-container-core-columns-is-layout-9d6595d7 wp-block-columns-is-layout-flex\">\n<div class=\"wp-block-column is-layout-flow wp-block-column-is-layout-flow\">\n<figure class=\"wp-block-image size-full\"><img loading=\"lazy\" decoding=\"async\" width=\"500\" height=\"500\" src=\"https:\/\/melgalhardo.com.br\/new\/wp-content\/uploads\/2025\/06\/1.png\" alt=\"\" class=\"wp-image-807\" srcset=\"https:\/\/melgalhardo.com.br\/new\/wp-content\/uploads\/2025\/06\/1.png 500w, https:\/\/melgalhardo.com.br\/new\/wp-content\/uploads\/2025\/06\/1-300x300.png 300w, https:\/\/melgalhardo.com.br\/new\/wp-content\/uploads\/2025\/06\/1-150x150.png 150w, https:\/\/melgalhardo.com.br\/new\/wp-content\/uploads\/2025\/06\/1-400x400.png 400w, https:\/\/melgalhardo.com.br\/new\/wp-content\/uploads\/2025\/06\/1-100x100.png 100w, https:\/\/melgalhardo.com.br\/new\/wp-content\/uploads\/2025\/06\/1-64x64.png 64w\" sizes=\"auto, (max-width: 500px) 100vw, 500px\" \/><\/figure>\n<\/div>\n\n\n\n<div class=\"wp-block-column is-layout-flow wp-block-column-is-layout-flow\">\n<h3 class=\"wp-block-heading\">Para mulheres<\/h3>\n\n\n\n<p>Quer dar um UP no seu visual e se sentir ainda mais confiante? Oferecemos servi\u00e7os exclusivos, presenciais e online, como Colora\u00e7\u00e3o Pessoal, Consultoria de Imagem e Estilo, Montagem de Looks, Personal Stylist e Personal Shopper. Tudo com a curadoria da fashion expert Mel Galhardo \u2014 para que voc\u00ea descubra e viva sua assinatura pessoal com estilo e prop\u00f3sito.<\/p>\n\n\n\n<ul class=\"wp-block-list\">\n<li><a href=\"https:\/\/melgalhardo.com.br\/para-mulheres\/coloracao-pessoal\/\">Colora\u00e7\u00e3o Pessoal<\/a><\/li>\n\n\n\n<li><a href=\"https:\/\/melgalhardo.com.br\/para-mulheres\/consultoria-de-imagem-estilo\/\">Consultoria de Imagem &amp; Estilo<\/a><\/li>\n\n\n\n<li><a href=\"https:\/\/melgalhardo.com.br\/para-mulheres\/montagem-de-looks\/\">Montagem de Looks<\/a><\/li>\n\n\n\n<li><a href=\"https:\/\/melgalhardo.com.br\/para-mulheres\/personal-shopper\/\">Personal Shopper<\/a><\/li>\n\n\n\n<li><a href=\"https:\/\/melgalhardo.com.br\/para-mulheres\/personal-stylist\/\">Personal Stylist<\/a><\/li>\n<\/ul>\n<\/div>\n<\/div>\n\n\n\n<div class=\"wp-block-columns is-layout-flex wp-container-core-columns-is-layout-9d6595d7 wp-block-columns-is-layout-flex\">\n<div class=\"wp-block-column is-layout-flow wp-block-column-is-layout-flow\">\n<h3 class=\"wp-block-heading\">Para empresas<\/h3>\n\n\n\n<p>Quer levar mais estilo, sofistica\u00e7\u00e3o e experi\u00eancia para o seu p\u00fablico? A BY Mel Galhardo tamb\u00e9m atua com empresas, oferecendo Styling Day com Colora\u00e7\u00e3o Pessoal, Presen\u00e7a em Eventos, Provador Exclusivo, entre outras a\u00e7\u00f5es personalizadas. Criamos projetos sob medida com a expertise da Mel para valorizar sua marca e encantar seus clientes.<\/p>\n\n\n\n<ul class=\"wp-block-list\">\n<li><a href=\"https:\/\/melgalhardo.com.br\/para-empresas\/presenca-em-eventos\/\">Presen\u00e7a em Eventos<\/a><\/li>\n\n\n\n<li><a href=\"https:\/\/melgalhardo.com.br\/para-empresas\/styling-day-com-coloracao-pessoal\/\">Styling Day com Colora\u00e7\u00e3o Pessoal<\/a><\/li>\n\n\n\n<li><a href=\"https:\/\/melgalhardo.com.br\/para-empresas\/provador\/\">Provador<\/a><\/li>\n<\/ul>\n<\/div>\n\n\n\n<div class=\"wp-block-column is-layout-flow wp-block-column-is-layout-flow\">\n<figure class=\"wp-block-image size-full\"><img loading=\"lazy\" decoding=\"async\" width=\"500\" height=\"500\" src=\"https:\/\/melgalhardo.com.br\/new\/wp-content\/uploads\/2025\/06\/2.png\" alt=\"\" class=\"wp-image-808\" srcset=\"https:\/\/melgalhardo.com.br\/new\/wp-content\/uploads\/2025\/06\/2.png 500w, https:\/\/melgalhardo.com.br\/new\/wp-content\/uploads\/2025\/06\/2-300x300.png 300w, https:\/\/melgalhardo.com.br\/new\/wp-content\/uploads\/2025\/06\/2-150x150.png 150w, https:\/\/melgalhardo.com.br\/new\/wp-content\/uploads\/2025\/06\/2-400x400.png 400w, https:\/\/melgalhardo.com.br\/new\/wp-content\/uploads\/2025\/06\/2-100x100.png 100w, https:\/\/melgalhardo.com.br\/new\/wp-content\/uploads\/2025\/06\/2-64x64.png 64w\" sizes=\"auto, (max-width: 500px) 100vw, 500px\" \/><\/figure>\n<\/div>\n<\/div>\n","protected":false},"excerpt":{"rendered":"<p>Para mulheres Quer dar um UP no seu visual e se sentir ainda mais confiante? Oferecemos servi\u00e7os exclusivos, presenciais e online, como Colora\u00e7\u00e3o Pessoal, Consultoria de Imagem e Estilo, Montagem de Looks, Personal Stylist e Personal Shopper. Tudo com a curadoria da fashion expert Mel Galhardo \u2014 para que voc\u00ea descubra e viva sua assinatura [&hellip;]<\/p>\n","protected":false},"author":1,"featured_media":800,"parent":0,"menu_order":0,"comment_status":"closed","ping_status":"closed","template":"pages\/servicos-page.php","meta":{"_acf_changed":false,"footnotes":""},"class_list":["post-572","page","type-page","status-publish","has-post-thumbnail","hentry"],"acf":[],"_links":{"self":[{"href":"https:\/\/melgalhardo.com.br\/new\/wp-json\/wp\/v2\/pages\/572","targetHints":{"allow":["GET"]}}],"collection":[{"href":"https:\/\/melgalhardo.com.br\/new\/wp-json\/wp\/v2\/pages"}],"about":[{"href":"https:\/\/melgalhardo.com.br\/new\/wp-json\/wp\/v2\/types\/page"}],"author":[{"embeddable":true,"href":"https:\/\/melgalhardo.com.br\/new\/wp-json\/wp\/v2\/users\/1"}],"replies":[{"embeddable":true,"href":"https:\/\/melgalhardo.com.br\/new\/wp-json\/wp\/v2\/comments?post=572"}],"version-history":[{"count":37,"href":"https:\/\/melgalhardo.com.br\/new\/wp-json\/wp\/v2\/pages\/572\/revisions"}],"predecessor-version":[{"id":803,"href":"https:\/\/melgalhardo.com.br\/new\/wp-json\/wp\/v2\/pages\/572\/revisions\/803"}],"wp:featuredmedia":[{"embeddable":true,"href":"https:\/\/melgalhardo.com.br\/new\/wp-json\/wp\/v2\/media\/800"}],"wp:attachment":[{"href":"https:\/\/melgalhardo.com.br\/new\/wp-json\/wp\/v2\/media?parent=572"}],"curies":[{"name":"wp","href":"https:\/\/api.w.org\/{rel}","templated":true}]}}